{"id":1004,"date":"2023-03-26T17:50:33","date_gmt":"2023-03-26T20:50:33","guid":{"rendered":"https:\/\/www.burave.cl\/web\/?page_id=1004"},"modified":"2023-03-28T14:36:53","modified_gmt":"2023-03-28T17:36:53","slug":"corredor-de-propiedades","status":"publish","type":"page","link":"https:\/\/www.burave.cl\/web\/diseno-web\/corredor-de-propiedades\/","title":{"rendered":"Corredor de Propiedades"},"content":{"rendered":"\t\t<div data-elementor-type=\"wp-page\" data-elementor-id=\"1004\" class=\"elementor elementor-1004\" data-elementor-post-type=\"page\">\n\t\t\t\t<div class=\"elementor-element elementor-element-ee1af37 e-flex e-con-boxed e-con e-parent\" data-id=\"ee1af37\" data-element_type=\"container\">\n\t\t\t\t\t<div class=\"e-con-inner\">\n\t\t<div class=\"elementor-element elementor-element-3b0f28c e-con-full e-flex e-con e-parent\" data-id=\"3b0f28c\" data-element_type=\"container\">\n\t\t\t\t<div class=\"elementor-element elementor-element-ed3f093 elementor-widget elementor-widget-text-editor\" data-id=\"ed3f093\" data-element_type=\"widget\" data-widget_type=\"text-editor.default\">\n\t\t\t\t<div class=\"elementor-widget-container\">\n\t\t\t\t\t\t\t\t\t<p>Tenemos la mejor alternativa para que su corredora tenga la exposici\u00f3n que necesita, permiti\u00e9ndole la gesti\u00f3n de propiedades de forma f\u00e1cil, r\u00e1pida y segura; y teniendo la posibilidad de ofrecerlas 24 horas al d\u00eda, los 7 d\u00edas de la semana.<\/p>\t\t\t\t\t\t\t\t<\/div>\n\t\t\t\t<\/div>\n\t\t\t\t<div class=\"elementor-element elementor-element-463299b elementor-widget elementor-widget-heading\" data-id=\"463299b\" data-element_type=\"widget\" data-widget_type=\"heading.default\">\n\t\t\t\t<div class=\"elementor-widget-container\">\n\t\t\t\t\t<h4 class=\"elementor-heading-title elementor-size-default\">CARACTER\u00cdSTICAS<\/h4>\t\t\t\t<\/div>\n\t\t\t\t<\/div>\n\t\t\t\t<div class=\"elementor-element elementor-element-c94b1dc elementor-widget elementor-widget-text-editor\" data-id=\"c94b1dc\" data-element_type=\"widget\" data-widget_type=\"text-editor.default\">\n\t\t\t\t<div class=\"elementor-widget-container\">\n\t\t\t\t\t\t\t\t\t<ul><li>Agregue y gestione f\u00e1cilmente sus Propiedades.<\/li><li>Completa ficha para cada propiedad.<\/li><li>Galer\u00eda de im\u00e1genes por cada propiedad.<\/li><li>Precios en UF y pesos.<\/li><li>Seleccionar propiedades destacadas.<\/li><li>Formulario de Contacto.<\/li><li>Correos personalizados (sunombre@suempresa.cl).<\/li><li>Asesor\u00eda en Compra de dominio .cl<\/li><\/ul>\t\t\t\t\t\t\t\t<\/div>\n\t\t\t\t<\/div>\n\t\t\t\t<\/div>\n\t\t<div class=\"elementor-element elementor-element-75ba9b3 e-con-full e-flex e-con e-parent\" data-id=\"75ba9b3\" data-element_type=\"container\">\n\t\t<div class=\"elementor-element elementor-element-4caacd2 e-flex e-con-boxed e-con e-parent\" data-id=\"4caacd2\" data-element_type=\"container\">\n\t\t\t\t\t<div class=\"e-con-inner\">\n\t\t\t\t\t<\/div>\n\t\t\t\t<\/div>\n\t\t\t\t<\/div>\n\t\t<div class=\"elementor-element elementor-element-a926145 e-con-full e-flex e-con e-parent\" data-id=\"a926145\" data-element_type=\"container\">\n\t\t<div class=\"elementor-element elementor-element-65e684a e-flex e-con-boxed e-con e-parent\" data-id=\"65e684a\" data-element_type=\"container\">\n\t\t\t\t\t<div class=\"e-con-inner\">\n\t\t\t\t\t<\/div>\n\t\t\t\t<\/div>\n\t\t\t\t<\/div>\n\t\t\t\t\t<\/div>\n\t\t\t\t<\/div>\n\t\t\t\t<\/div>\n\t\t","protected":false},"excerpt":{"rendered":"<p>Tenemos la mejor alternativa para que su corredora tenga la exposici\u00f3n que necesita, permiti\u00e9ndole la gesti\u00f3n de propiedades de forma f\u00e1cil, r\u00e1pida y segura; y teniendo la posibilidad de ofrecerlas 24 horas al d\u00eda, los 7 d\u00edas de la semana. CARACTER\u00cdSTICAS Agregue y gestione f\u00e1cilmente sus Propiedades. Completa ficha para cada propiedad. Galer\u00eda de im\u00e1genes por cada propiedad. Precios en UF y pesos. Seleccionar propiedades destacadas. Formulario de Contacto. Correos personalizados (sunombre@suempresa.cl). Asesor\u00eda en Compra de dominio .cl<\/p>\n","protected":false},"author":1,"featured_media":0,"parent":14,"menu_order":0,"comment_status":"closed","ping_status":"closed","template":"","meta":{"footnotes":""},"class_list":["post-1004","page","type-page","status-publish","hentry"],"yoast_head":"<!-- This site is optimized with the Yoast SEO Premium plugin v19.5 (Yoast SEO v27.5) - https:\/\/yoast.com\/product\/yoast-seo-premium-wordpress\/ -->\n<title>Corredor de Propiedades - Burave Dise\u00f1o de P\u00e1ginas Web - Servicios de Hosting<\/title>\n<meta name=\"robots\" content=\"index, follow, max-snippet:-1, max-image-preview:large, max-video-preview:-1\" \/>\n<link rel=\"canonical\" href=\"https:\/\/www.burave.cl\/web\/diseno-web\/corredor-de-propiedades\/\" \/>\n<meta property=\"og:locale\" content=\"es_ES\" \/>\n<meta property=\"og:type\" content=\"article\" \/>\n<meta property=\"og:title\" content=\"Corredor de Propiedades\" \/>\n<meta property=\"og:description\" content=\"Tenemos la mejor alternativa para que su corredora tenga la exposici\u00f3n que necesita, permiti\u00e9ndole la gesti\u00f3n de propiedades de forma f\u00e1cil, r\u00e1pida y segura; y teniendo la posibilidad de ofrecerlas 24 horas al d\u00eda, los 7 d\u00edas de la semana. CARACTER\u00cdSTICAS Agregue y gestione f\u00e1cilmente sus Propiedades. Completa ficha para cada propiedad. Galer\u00eda de im\u00e1genes por cada propiedad. Precios en UF y pesos. Seleccionar propiedades destacadas. Formulario de Contacto. Correos personalizados (sunombre@suempresa.cl). Asesor\u00eda en Compra de dominio .cl\" \/>\n<meta property=\"og:url\" content=\"https:\/\/www.burave.cl\/web\/diseno-web\/corredor-de-propiedades\/\" \/>\n<meta property=\"og:site_name\" content=\"Burave Dise\u00f1o de P\u00e1ginas Web - Servicios de Hosting\" \/>\n<meta property=\"article:modified_time\" content=\"2023-03-28T17:36:53+00:00\" \/>\n<meta name=\"twitter:card\" content=\"summary_large_image\" \/>\n<meta name=\"twitter:label1\" content=\"Tiempo de lectura\" \/>\n\t<meta name=\"twitter:data1\" content=\"1 minuto\" \/>\n<script type=\"application\/ld+json\" class=\"yoast-schema-graph\">{\"@context\":\"https:\\\/\\\/schema.org\",\"@graph\":[{\"@type\":\"WebPage\",\"@id\":\"https:\\\/\\\/www.burave.cl\\\/web\\\/diseno-web\\\/corredor-de-propiedades\\\/\",\"url\":\"https:\\\/\\\/www.burave.cl\\\/web\\\/diseno-web\\\/corredor-de-propiedades\\\/\",\"name\":\"Corredor de Propiedades - Burave Dise\u00f1o de P\u00e1ginas Web - Servicios de Hosting\",\"isPartOf\":{\"@id\":\"https:\\\/\\\/www.burave.cl\\\/web\\\/#website\"},\"datePublished\":\"2023-03-26T20:50:33+00:00\",\"dateModified\":\"2023-03-28T17:36:53+00:00\",\"breadcrumb\":{\"@id\":\"https:\\\/\\\/www.burave.cl\\\/web\\\/diseno-web\\\/corredor-de-propiedades\\\/#breadcrumb\"},\"inLanguage\":\"es\",\"potentialAction\":[{\"@type\":\"ReadAction\",\"target\":[\"https:\\\/\\\/www.burave.cl\\\/web\\\/diseno-web\\\/corredor-de-propiedades\\\/\"]}]},{\"@type\":\"BreadcrumbList\",\"@id\":\"https:\\\/\\\/www.burave.cl\\\/web\\\/diseno-web\\\/corredor-de-propiedades\\\/#breadcrumb\",\"itemListElement\":[{\"@type\":\"ListItem\",\"position\":1,\"name\":\"Portada\",\"item\":\"https:\\\/\\\/www.burave.cl\\\/web\\\/\"},{\"@type\":\"ListItem\",\"position\":2,\"name\":\"Dise\u00f1o Web\",\"item\":\"https:\\\/\\\/www.burave.cl\\\/web\\\/diseno-web\\\/\"},{\"@type\":\"ListItem\",\"position\":3,\"name\":\"Corredor de Propiedades\"}]},{\"@type\":\"WebSite\",\"@id\":\"https:\\\/\\\/www.burave.cl\\\/web\\\/#website\",\"url\":\"https:\\\/\\\/www.burave.cl\\\/web\\\/\",\"name\":\"Burave Dise\u00f1o de P\u00e1ginas Web - Servicios de Hosting\",\"description\":\"Dise\u00f1o de P\u00e1ginas Web - Servicios de Hosting\",\"potentialAction\":[{\"@type\":\"SearchAction\",\"target\":{\"@type\":\"EntryPoint\",\"urlTemplate\":\"https:\\\/\\\/www.burave.cl\\\/web\\\/?s={search_term_string}\"},\"query-input\":{\"@type\":\"PropertyValueSpecification\",\"valueRequired\":true,\"valueName\":\"search_term_string\"}}],\"inLanguage\":\"es\"}]}<\/script>\n<!-- \/ Yoast SEO Premium plugin. -->","yoast_head_json":{"title":"Corredor de Propiedades - Burave Dise\u00f1o de P\u00e1ginas Web - Servicios de Hosting","robots":{"index":"index","follow":"follow","max-snippet":"max-snippet:-1","max-image-preview":"max-image-preview:large","max-video-preview":"max-video-preview:-1"},"canonical":"https:\/\/www.burave.cl\/web\/diseno-web\/corredor-de-propiedades\/","og_locale":"es_ES","og_type":"article","og_title":"Corredor de Propiedades","og_description":"Tenemos la mejor alternativa para que su corredora tenga la exposici\u00f3n que necesita, permiti\u00e9ndole la gesti\u00f3n de propiedades de forma f\u00e1cil, r\u00e1pida y segura; y teniendo la posibilidad de ofrecerlas 24 horas al d\u00eda, los 7 d\u00edas de la semana. CARACTER\u00cdSTICAS Agregue y gestione f\u00e1cilmente sus Propiedades. Completa ficha para cada propiedad. Galer\u00eda de im\u00e1genes por cada propiedad. Precios en UF y pesos. Seleccionar propiedades destacadas. Formulario de Contacto. Correos personalizados (sunombre@suempresa.cl). Asesor\u00eda en Compra de dominio .cl","og_url":"https:\/\/www.burave.cl\/web\/diseno-web\/corredor-de-propiedades\/","og_site_name":"Burave Dise\u00f1o de P\u00e1ginas Web - Servicios de Hosting","article_modified_time":"2023-03-28T17:36:53+00:00","twitter_card":"summary_large_image","twitter_misc":{"Tiempo de lectura":"1 minuto"},"schema":{"@context":"https:\/\/schema.org","@graph":[{"@type":"WebPage","@id":"https:\/\/www.burave.cl\/web\/diseno-web\/corredor-de-propiedades\/","url":"https:\/\/www.burave.cl\/web\/diseno-web\/corredor-de-propiedades\/","name":"Corredor de Propiedades - Burave Dise\u00f1o de P\u00e1ginas Web - Servicios de Hosting","isPartOf":{"@id":"https:\/\/www.burave.cl\/web\/#website"},"datePublished":"2023-03-26T20:50:33+00:00","dateModified":"2023-03-28T17:36:53+00:00","breadcrumb":{"@id":"https:\/\/www.burave.cl\/web\/diseno-web\/corredor-de-propiedades\/#breadcrumb"},"inLanguage":"es","potentialAction":[{"@type":"ReadAction","target":["https:\/\/www.burave.cl\/web\/diseno-web\/corredor-de-propiedades\/"]}]},{"@type":"BreadcrumbList","@id":"https:\/\/www.burave.cl\/web\/diseno-web\/corredor-de-propiedades\/#breadcrumb","itemListElement":[{"@type":"ListItem","position":1,"name":"Portada","item":"https:\/\/www.burave.cl\/web\/"},{"@type":"ListItem","position":2,"name":"Dise\u00f1o Web","item":"https:\/\/www.burave.cl\/web\/diseno-web\/"},{"@type":"ListItem","position":3,"name":"Corredor de Propiedades"}]},{"@type":"WebSite","@id":"https:\/\/www.burave.cl\/web\/#website","url":"https:\/\/www.burave.cl\/web\/","name":"Burave Dise\u00f1o de P\u00e1ginas Web - Servicios de Hosting","description":"Dise\u00f1o de P\u00e1ginas Web - Servicios de Hosting","potentialAction":[{"@type":"SearchAction","target":{"@type":"EntryPoint","urlTemplate":"https:\/\/www.burave.cl\/web\/?s={search_term_string}"},"query-input":{"@type":"PropertyValueSpecification","valueRequired":true,"valueName":"search_term_string"}}],"inLanguage":"es"}]}},"_links":{"self":[{"href":"https:\/\/www.burave.cl\/web\/wp-json\/wp\/v2\/pages\/1004","targetHints":{"allow":["GET"]}}],"collection":[{"href":"https:\/\/www.burave.cl\/web\/wp-json\/wp\/v2\/pages"}],"about":[{"href":"https:\/\/www.burave.cl\/web\/wp-json\/wp\/v2\/types\/page"}],"author":[{"embeddable":true,"href":"https:\/\/www.burave.cl\/web\/wp-json\/wp\/v2\/users\/1"}],"replies":[{"embeddable":true,"href":"https:\/\/www.burave.cl\/web\/wp-json\/wp\/v2\/comments?post=1004"}],"version-history":[{"count":25,"href":"https:\/\/www.burave.cl\/web\/wp-json\/wp\/v2\/pages\/1004\/revisions"}],"predecessor-version":[{"id":1096,"href":"https:\/\/www.burave.cl\/web\/wp-json\/wp\/v2\/pages\/1004\/revisions\/1096"}],"up":[{"embeddable":true,"href":"https:\/\/www.burave.cl\/web\/wp-json\/wp\/v2\/pages\/14"}],"wp:attachment":[{"href":"https:\/\/www.burave.cl\/web\/wp-json\/wp\/v2\/media?parent=1004"}],"curies":[{"name":"wp","href":"https:\/\/api.w.org\/{rel}","templated":true}]}}