{"id":1008,"date":"2023-03-26T17:52:02","date_gmt":"2023-03-26T20:52:02","guid":{"rendered":"https:\/\/www.burave.cl\/web\/?page_id=1008"},"modified":"2023-03-26T17:52:02","modified_gmt":"2023-03-26T20:52:02","slug":"pyme","status":"publish","type":"page","link":"https:\/\/www.burave.cl\/web\/diseno-web\/pyme\/","title":{"rendered":"Pyme"},"content":{"rendered":"","protected":false},"excerpt":{"rendered":"","protected":false},"author":1,"featured_media":0,"parent":14,"menu_order":0,"comment_status":"closed","ping_status":"closed","template":"","meta":{"footnotes":""},"class_list":["post-1008","page","type-page","status-publish","hentry"],"yoast_head":"<!-- This site is optimized with the Yoast SEO Premium plugin v19.5 (Yoast SEO v27.5) - https:\/\/yoast.com\/product\/yoast-seo-premium-wordpress\/ -->\n<title>Pyme - Burave Dise\u00f1o de P\u00e1ginas Web - Servicios de Hosting<\/title>\n<meta name=\"robots\" content=\"index, follow, max-snippet:-1, max-image-preview:large, max-video-preview:-1\" \/>\n<link rel=\"canonical\" href=\"https:\/\/www.burave.cl\/web\/diseno-web\/pyme\/\" \/>\n<meta property=\"og:locale\" content=\"es_ES\" \/>\n<meta property=\"og:type\" content=\"article\" \/>\n<meta property=\"og:title\" content=\"Pyme\" \/>\n<meta property=\"og:url\" content=\"https:\/\/www.burave.cl\/web\/diseno-web\/pyme\/\" \/>\n<meta property=\"og:site_name\" content=\"Burave Dise\u00f1o de P\u00e1ginas Web - Servicios de Hosting\" \/>\n<meta name=\"twitter:card\" content=\"summary_large_image\" \/>\n<script type=\"application\/ld+json\" class=\"yoast-schema-graph\">{\"@context\":\"https:\\\/\\\/schema.org\",\"@graph\":[{\"@type\":\"WebPage\",\"@id\":\"https:\\\/\\\/www.burave.cl\\\/web\\\/diseno-web\\\/pyme\\\/\",\"url\":\"https:\\\/\\\/www.burave.cl\\\/web\\\/diseno-web\\\/pyme\\\/\",\"name\":\"Pyme - Burave Dise\u00f1o de P\u00e1ginas Web - Servicios de Hosting\",\"isPartOf\":{\"@id\":\"https:\\\/\\\/www.burave.cl\\\/web\\\/#website\"},\"datePublished\":\"2023-03-26T20:52:02+00:00\",\"breadcrumb\":{\"@id\":\"https:\\\/\\\/www.burave.cl\\\/web\\\/diseno-web\\\/pyme\\\/#breadcrumb\"},\"inLanguage\":\"es\",\"potentialAction\":[{\"@type\":\"ReadAction\",\"target\":[\"https:\\\/\\\/www.burave.cl\\\/web\\\/diseno-web\\\/pyme\\\/\"]}]},{\"@type\":\"BreadcrumbList\",\"@id\":\"https:\\\/\\\/www.burave.cl\\\/web\\\/diseno-web\\\/pyme\\\/#breadcrumb\",\"itemListElement\":[{\"@type\":\"ListItem\",\"position\":1,\"name\":\"Portada\",\"item\":\"https:\\\/\\\/www.burave.cl\\\/web\\\/\"},{\"@type\":\"ListItem\",\"position\":2,\"name\":\"Dise\u00f1o Web\",\"item\":\"https:\\\/\\\/www.burave.cl\\\/web\\\/diseno-web\\\/\"},{\"@type\":\"ListItem\",\"position\":3,\"name\":\"Pyme\"}]},{\"@type\":\"WebSite\",\"@id\":\"https:\\\/\\\/www.burave.cl\\\/web\\\/#website\",\"url\":\"https:\\\/\\\/www.burave.cl\\\/web\\\/\",\"name\":\"Burave Dise\u00f1o de P\u00e1ginas Web - Servicios de Hosting\",\"description\":\"Dise\u00f1o de P\u00e1ginas Web - Servicios de Hosting\",\"potentialAction\":[{\"@type\":\"SearchAction\",\"target\":{\"@type\":\"EntryPoint\",\"urlTemplate\":\"https:\\\/\\\/www.burave.cl\\\/web\\\/?s={search_term_string}\"},\"query-input\":{\"@type\":\"PropertyValueSpecification\",\"valueRequired\":true,\"valueName\":\"search_term_string\"}}],\"inLanguage\":\"es\"}]}<\/script>\n<!-- \/ Yoast SEO Premium plugin. -->","yoast_head_json":{"title":"Pyme - Burave Dise\u00f1o de P\u00e1ginas Web - Servicios de Hosting","robots":{"index":"index","follow":"follow","max-snippet":"max-snippet:-1","max-image-preview":"max-image-preview:large","max-video-preview":"max-video-preview:-1"},"canonical":"https:\/\/www.burave.cl\/web\/diseno-web\/pyme\/","og_locale":"es_ES","og_type":"article","og_title":"Pyme","og_url":"https:\/\/www.burave.cl\/web\/diseno-web\/pyme\/","og_site_name":"Burave Dise\u00f1o de P\u00e1ginas Web - Servicios de Hosting","twitter_card":"summary_large_image","schema":{"@context":"https:\/\/schema.org","@graph":[{"@type":"WebPage","@id":"https:\/\/www.burave.cl\/web\/diseno-web\/pyme\/","url":"https:\/\/www.burave.cl\/web\/diseno-web\/pyme\/","name":"Pyme - Burave Dise\u00f1o de P\u00e1ginas Web - Servicios de Hosting","isPartOf":{"@id":"https:\/\/www.burave.cl\/web\/#website"},"datePublished":"2023-03-26T20:52:02+00:00","breadcrumb":{"@id":"https:\/\/www.burave.cl\/web\/diseno-web\/pyme\/#breadcrumb"},"inLanguage":"es","potentialAction":[{"@type":"ReadAction","target":["https:\/\/www.burave.cl\/web\/diseno-web\/pyme\/"]}]},{"@type":"BreadcrumbList","@id":"https:\/\/www.burave.cl\/web\/diseno-web\/pyme\/#breadcrumb","itemListElement":[{"@type":"ListItem","position":1,"name":"Portada","item":"https:\/\/www.burave.cl\/web\/"},{"@type":"ListItem","position":2,"name":"Dise\u00f1o Web","item":"https:\/\/www.burave.cl\/web\/diseno-web\/"},{"@type":"ListItem","position":3,"name":"Pyme"}]},{"@type":"WebSite","@id":"https:\/\/www.burave.cl\/web\/#website","url":"https:\/\/www.burave.cl\/web\/","name":"Burave Dise\u00f1o de P\u00e1ginas Web - Servicios de Hosting","description":"Dise\u00f1o de P\u00e1ginas Web - Servicios de Hosting","potentialAction":[{"@type":"SearchAction","target":{"@type":"EntryPoint","urlTemplate":"https:\/\/www.burave.cl\/web\/?s={search_term_string}"},"query-input":{"@type":"PropertyValueSpecification","valueRequired":true,"valueName":"search_term_string"}}],"inLanguage":"es"}]}},"_links":{"self":[{"href":"https:\/\/www.burave.cl\/web\/wp-json\/wp\/v2\/pages\/1008","targetHints":{"allow":["GET"]}}],"collection":[{"href":"https:\/\/www.burave.cl\/web\/wp-json\/wp\/v2\/pages"}],"about":[{"href":"https:\/\/www.burave.cl\/web\/wp-json\/wp\/v2\/types\/page"}],"author":[{"embeddable":true,"href":"https:\/\/www.burave.cl\/web\/wp-json\/wp\/v2\/users\/1"}],"replies":[{"embeddable":true,"href":"https:\/\/www.burave.cl\/web\/wp-json\/wp\/v2\/comments?post=1008"}],"version-history":[{"count":1,"href":"https:\/\/www.burave.cl\/web\/wp-json\/wp\/v2\/pages\/1008\/revisions"}],"predecessor-version":[{"id":1009,"href":"https:\/\/www.burave.cl\/web\/wp-json\/wp\/v2\/pages\/1008\/revisions\/1009"}],"up":[{"embeddable":true,"href":"https:\/\/www.burave.cl\/web\/wp-json\/wp\/v2\/pages\/14"}],"wp:attachment":[{"href":"https:\/\/www.burave.cl\/web\/wp-json\/wp\/v2\/media?parent=1008"}],"curies":[{"name":"wp","href":"https:\/\/api.w.org\/{rel}","templated":true}]}}