{"id":18,"date":"2022-05-03T04:01:27","date_gmt":"2022-05-03T08:01:27","guid":{"rendered":"https:\/\/www.burave.cl\/web\/?page_id=18"},"modified":"2023-03-14T16:47:31","modified_gmt":"2023-03-14T19:47:31","slug":"hosting","status":"publish","type":"page","link":"https:\/\/www.burave.cl\/web\/hosting\/","title":{"rendered":"Hosting"},"content":{"rendered":"<section class=\"wpb-content-wrapper\"><p>[vc_row][vc_column width=\u00bb1\/1&#8243;][vc_column_text]Nuestra oferta de web hosting est\u00e1 dise\u00f1ada para satisfacer las necesidades de cualquier tipo de proyectos, como p\u00e1ginas personales, corporativas, blogs, tiendas virtuales, formularios de pagos, entre otros.[\/vc_column_text]<div class=\"spacer\" style=\"height: 10pxpx;\"><\/div>[\/vc_column][\/vc_row][vc_row][vc_column width=\u00bb1\/4&#8243;]<div class=\"pricing-plan pricing-color-true wpb_content_element\">\n\t\t\t\t<div class=\"pricing-plan-head\" style=\"background-color:#ff5500;\">\n\t\t\t\t\t<h3>B\u00e1sico<\/h3>\n\t\t\t\t\t<div class=\"pricing-price\"><span class=\"pricing-amount\">$20.000<\/span><span class=\"pricing-per\">Anual (Valor Neto)<\/span><\/div>\n\t\t\t\t<\/div>\n\t\t\t\t\n<ul>\n<li><strong>Espacio 1 GB<\/strong><\/li>\n<li>Activaci\u00f3n Inmediata<\/li>\n<li>Transferencia Mensual 50 GB<\/li>\n<li>CPanel<\/li>\n<li>Cuentas de Email 25<\/li>\n<li>Acceso Webmail o POP<\/li>\n<li>Base de Datos MySQL 3<\/li>\n<\/ul>\n\n\t\t\t\t<div class=\"pricing-signup\"><a href=\"https:\/\/www.buraveweb.cl\/hosting\/\" class=\"button color-5\">contratar<\/a><\/div>\n\t\t\t<\/div>[\/vc_column][vc_column width=\u00bb1\/4&#8243;]<div class=\"pricing-plan pricing-color-true wpb_content_element\">\n\t\t\t\t<div class=\"pricing-plan-head\" style=\"background-color:#81d742;\">\n\t\t\t\t\t<h3>Silver<\/h3>\n\t\t\t\t\t<div class=\"pricing-price\"><span class=\"pricing-amount\">$32.000<\/span><span class=\"pricing-per\">Anual (Valor Neto)<\/span><\/div>\n\t\t\t\t<\/div>\n\t\t\t\t\n<ul>\n<li><strong>Espacio 2 GB<\/strong><\/li>\n<li>Activaci\u00f3n Inmediata<\/li>\n<li>Transferencia Mensual 100 GB<\/li>\n<li>CPanel<\/li>\n<li>Cuentas de Email 100<\/li>\n<li>Acceso Webmail o POP<\/li>\n<li>Base de Datos MySQL 6<\/li>\n<\/ul>\n\n\t\t\t\t<div class=\"pricing-signup\"><a href=\"https:\/\/www.buraveweb.cl\/hosting\/\" class=\"button color-5\">contratar<\/a><\/div>\n\t\t\t<\/div>[\/vc_column][vc_column width=\u00bb1\/4&#8243;]<div class=\"pricing-plan pricing-color-true wpb_content_element\">\n\t\t\t\t<div class=\"pricing-plan-head\" style=\"background-color:#ff5500;\">\n\t\t\t\t\t<h3>Gold<\/h3>\n\t\t\t\t\t<div class=\"pricing-price\"><span class=\"pricing-amount\">$45.000<\/span><span class=\"pricing-per\">Anual (Valor Neto)<\/span><\/div>\n\t\t\t\t<\/div>\n\t\t\t\t\n<ul>\n<li><strong>Espacio 5 GB<\/strong><\/li>\n<li>Activaci\u00f3n Inmediata<\/li>\n<li>Transferencia Ilimitada<\/li>\n<li>CPanel<\/li>\n<li>Cuentas de Email 200<\/li>\n<li>Acceso Webmail o POP<\/li>\n<li>Base de Datos MySQL 9<\/li>\n<\/ul>\n\n\t\t\t\t<div class=\"pricing-signup\"><a href=\"https:\/\/www.buraveweb.cl\/hosting\/\" class=\"button color-5\">contratar<\/a><\/div>\n\t\t\t<\/div>[\/vc_column][vc_column width=\u00bb1\/4&#8243;]<div class=\"pricing-plan pricing-color-true wpb_content_element\">\n\t\t\t\t<div class=\"pricing-plan-head\" style=\"background-color:#ff5500;\">\n\t\t\t\t\t<h3>Platinum<\/h3>\n\t\t\t\t\t<div class=\"pricing-price\"><span class=\"pricing-amount\">$65.000<\/span><span class=\"pricing-per\">Anual (Valor Neto)<\/span><\/div>\n\t\t\t\t<\/div>\n\t\t\t\t\n<ul>\n<li><strong>Espacio 10 GB<\/strong><\/li>\n<li>Activaci\u00f3n Inmediata<\/li>\n<li>Transferencia Ilimitada<\/li>\n<li>CPanel<\/li>\n<li>Cuentas de Email ilimitada<\/li>\n<li>Acceso Webmail o POP<\/li>\n<li>Base de Datos MySQL 12<\/li>\n<\/ul>\n\n\t\t\t\t<div class=\"pricing-signup\"><a href=\"https:\/\/www.buraveweb.cl\/hosting\/\" class=\"button color-5\">contratar<\/a><\/div>\n\t\t\t<\/div>[\/vc_column][\/vc_row][vc_row][vc_column width=\u00bb1\/1&#8243;]<div class=\"spacer\" style=\"height: 40px;\"><\/div><h1 class=\"headline font-inherit fontsize-s fontweight-700 lh-inherit align-left transform-inherit \" style=\"margin: 0 0 20px 0;\">Beneficios de Elegirnos<\/h1>[\/vc_column][\/vc_row][vc_row][vc_column width=\u00bb1\/2&#8243;]<div class=\"iconbox  wpb_content_element iconbox-style-1 icon-color-accent color-dark animation-none\"><h3><i class=\"fa fa-check boxicon\" style=\"\"><\/i><span>RESPALDO<\/span><\/h3><p>Respaldamos toda su informaci\u00f3n con copias semanales. Los respaldos rotan entre varios datacenters con sistemas de encripci\u00f3n.<\/p><\/div>[\/vc_column][vc_column width=\u00bb1\/2&#8243;]<div class=\"iconbox  wpb_content_element iconbox-style-1 icon-color-accent color-dark animation-none\"><h3><i class=\"fa fa-check boxicon\" style=\"\"><\/i><span>SEGURIDAD<\/span><\/h3><p>Contamos con varios sistema de seguridad, monitoreados constantemente para mantener la integridad de su informaci\u00f3n.<\/p><\/div>[\/vc_column][\/vc_row][vc_row][vc_column width=\u00bb1\/1&#8243;]<div class=\"spacer\" style=\"height: 40px;\"><\/div>[\/vc_column][\/vc_row][vc_row][vc_column width=\u00bb1\/2&#8243;]<div class=\"iconbox  wpb_content_element iconbox-style-1 icon-color-accent color-dark animation-none\"><h3><i class=\"fa fa-check boxicon\" style=\"\"><\/i><span>SOPORTE<\/span><\/h3><p>Nuestro sistema de soporte es personalizado, basado en tickets, con respuestas en promedio de 15 minutos a 1 hora, adem\u00e1s de atenci\u00f3n telef\u00f3nica en horas de oficina.<\/p><\/div>[\/vc_column][vc_column width=\u00bb1\/2&#8243;]<div class=\"iconbox  wpb_content_element iconbox-style-1 icon-color-accent color-dark animation-none\"><h3><i class=\"fa fa-check boxicon\" style=\"\"><\/i><span>GARANT\u00cdA<\/span><\/h3><p>Nuestra garant\u00eda es de 99.5% del tiempo funcionando, con mantenimiento y monitoreo constantes. Trabajamos con datacenters en Chile.<\/p><\/div>[\/vc_column][\/vc_row][vc_row][vc_column width=\u00bb1\/1&#8243;]<div class=\"spacer\" style=\"height: 40px;\"><\/div>[\/vc_column][\/vc_row][vc_row][vc_column width=\u00bb1\/1&#8243;]<h1 class=\"headline font-inherit fontsize-s fontweight-700 lh-inherit align-left transform-inherit \" style=\"margin: 0 0 20px 0;\">ALGUNOS CLIENTES<\/h1><div class=\"minti_carousel  grab-false dots\" data-columns=\"5\" data-tabletcolumns=\"3\" data-nav=\"true\" data-pagination=\"false\" data-autoplay=\"true\" data-animationtime=\"4000\"><div class=\"single_image wpb_content_element align-left    \" data-animation=\"none\" data-delay=\"0\"><\/div><div class=\"single_image wpb_content_element align-left    \" data-animation=\"none\" data-delay=\"0\"><\/div><div class=\"single_image wpb_content_element align-left    \" data-animation=\"none\" data-delay=\"0\"><\/div><div class=\"single_image wpb_content_element align-left    \" data-animation=\"none\" data-delay=\"0\"><\/div><div class=\"single_image wpb_content_element align-left    \" data-animation=\"none\" data-delay=\"0\"><\/div><div class=\"single_image wpb_content_element align-left    \" data-animation=\"none\" data-delay=\"0\"><\/div><div class=\"single_image wpb_content_element align-left    \" data-animation=\"none\" data-delay=\"0\"><\/div><div class=\"single_image wpb_content_element align-left    \" data-animation=\"none\" data-delay=\"0\"><\/div><div class=\"single_image wpb_content_element align-left    \" data-animation=\"none\" data-delay=\"0\"><\/div><div class=\"single_image wpb_content_element align-left    \" data-animation=\"none\" data-delay=\"0\"><img fetchpriority=\"high\" decoding=\"async\" width=\"1024\" height=\"369\" src=\"https:\/\/www.burave.cl\/web\/wp-content\/uploads\/2023\/05\/breadcrumb-bg.webp\" class=\"attachment-full\" alt=\"\" title=\"breadcrumb-bg\" srcset=\"https:\/\/www.burave.cl\/web\/wp-content\/uploads\/2023\/05\/breadcrumb-bg.webp 1024w, https:\/\/www.burave.cl\/web\/wp-content\/uploads\/2023\/05\/breadcrumb-bg-300x108.webp 300w, https:\/\/www.burave.cl\/web\/wp-content\/uploads\/2023\/05\/breadcrumb-bg-768x277.webp 768w\" sizes=\"(max-width: 1024px) 100vw, 1024px\" \/><\/div><\/div>[\/vc_column][\/vc_row]<\/p>\n<\/section>","protected":false},"excerpt":{"rendered":"<p>[vc_row][vc_column width=\u00bb1\/1&#8243;][vc_column_text]Nuestra oferta de web hosting est\u00e1 dise\u00f1ada para satisfacer las necesidades de cualquier tipo de proyectos, como p\u00e1ginas personales, corporativas, blogs, tiendas virtuales, formularios de pagos, entre otros.[\/vc_column_text][\/vc_column][\/vc_row][vc_row][vc_column width=\u00bb1\/4&#8243;][\/vc_column][vc_column width=\u00bb1\/4&#8243;][\/vc_column][vc_column width=\u00bb1\/4&#8243;][\/vc_column][vc_column width=\u00bb1\/4&#8243;][\/vc_column][\/vc_row][vc_row][vc_column width=\u00bb1\/1&#8243;][\/vc_column][\/vc_row][vc_row][vc_column width=\u00bb1\/2&#8243;][\/vc_column][vc_column width=\u00bb1\/2&#8243;][\/vc_column][\/vc_row][vc_row][vc_column width=\u00bb1\/1&#8243;][\/vc_column][\/vc_row][vc_row][vc_column width=\u00bb1\/2&#8243;][\/vc_column][vc_column width=\u00bb1\/2&#8243;][\/vc_column][\/vc_row][vc_row][vc_column width=\u00bb1\/1&#8243;][\/vc_column][\/vc_row][vc_row][vc_column width=\u00bb1\/1&#8243;][\/vc_column][\/vc_row]<\/p>\n","protected":false},"author":1,"featured_media":0,"parent":0,"menu_order":0,"comment_status":"closed","ping_status":"closed","template":"","meta":{"footnotes":""},"class_list":["post-18","page","type-page","status-publish","hentry"],"yoast_head":"<!-- This site is optimized with the Yoast SEO Premium plugin v19.5 (Yoast SEO v27.5) - https:\/\/yoast.com\/product\/yoast-seo-premium-wordpress\/ -->\n<title>Hosting - Burave Dise\u00f1o de P\u00e1ginas Web - Servicios de Hosting<\/title>\n<meta name=\"robots\" content=\"index, follow, max-snippet:-1, max-image-preview:large, max-video-preview:-1\" \/>\n<link rel=\"canonical\" href=\"https:\/\/www.burave.cl\/web\/hosting\/\" \/>\n<meta property=\"og:locale\" content=\"es_ES\" \/>\n<meta property=\"og:type\" content=\"article\" \/>\n<meta property=\"og:title\" content=\"Hosting\" \/>\n<meta property=\"og:description\" content=\"[vc_row][vc_column width=\u00bb1\/1&#8243;][vc_column_text]Nuestra oferta de web hosting est\u00e1 dise\u00f1ada para satisfacer las necesidades de cualquier tipo de proyectos, como p\u00e1ginas personales, corporativas, blogs, tiendas virtuales, formularios de pagos, entre otros.[\/vc_column_text][\/vc_column][\/vc_row][vc_row][vc_column width=\u00bb1\/4&#8243;][\/vc_column][vc_column width=\u00bb1\/4&#8243;][\/vc_column][vc_column width=\u00bb1\/4&#8243;][\/vc_column][vc_column width=\u00bb1\/4&#8243;][\/vc_column][\/vc_row][vc_row][vc_column width=\u00bb1\/1&#8243;][\/vc_column][\/vc_row][vc_row][vc_column width=\u00bb1\/2&#8243;][\/vc_column][vc_column width=\u00bb1\/2&#8243;][\/vc_column][\/vc_row][vc_row][vc_column width=\u00bb1\/1&#8243;][\/vc_column][\/vc_row][vc_row][vc_column width=\u00bb1\/2&#8243;][\/vc_column][vc_column width=\u00bb1\/2&#8243;][\/vc_column][\/vc_row][vc_row][vc_column width=\u00bb1\/1&#8243;][\/vc_column][\/vc_row][vc_row][vc_column width=\u00bb1\/1&#8243;][\/vc_column][\/vc_row]\" \/>\n<meta property=\"og:url\" content=\"https:\/\/www.burave.cl\/web\/hosting\/\" \/>\n<meta property=\"og:site_name\" content=\"Burave Dise\u00f1o de P\u00e1ginas Web - Servicios de Hosting\" \/>\n<meta property=\"article:modified_time\" content=\"2023-03-14T19:47:31+00:00\" \/>\n<meta name=\"twitter:card\" content=\"summary_large_image\" \/>\n<script type=\"application\/ld+json\" class=\"yoast-schema-graph\">{\"@context\":\"https:\\\/\\\/schema.org\",\"@graph\":[{\"@type\":\"WebPage\",\"@id\":\"https:\\\/\\\/www.burave.cl\\\/web\\\/hosting\\\/\",\"url\":\"https:\\\/\\\/www.burave.cl\\\/web\\\/hosting\\\/\",\"name\":\"Hosting - Burave Dise\u00f1o de P\u00e1ginas Web - Servicios de Hosting\",\"isPartOf\":{\"@id\":\"https:\\\/\\\/www.burave.cl\\\/web\\\/#website\"},\"datePublished\":\"2022-05-03T08:01:27+00:00\",\"dateModified\":\"2023-03-14T19:47:31+00:00\",\"breadcrumb\":{\"@id\":\"https:\\\/\\\/www.burave.cl\\\/web\\\/hosting\\\/#breadcrumb\"},\"inLanguage\":\"es\",\"potentialAction\":[{\"@type\":\"ReadAction\",\"target\":[\"https:\\\/\\\/www.burave.cl\\\/web\\\/hosting\\\/\"]}]},{\"@type\":\"BreadcrumbList\",\"@id\":\"https:\\\/\\\/www.burave.cl\\\/web\\\/hosting\\\/#breadcrumb\",\"itemListElement\":[{\"@type\":\"ListItem\",\"position\":1,\"name\":\"Portada\",\"item\":\"https:\\\/\\\/www.burave.cl\\\/web\\\/\"},{\"@type\":\"ListItem\",\"position\":2,\"name\":\"Hosting\"}]},{\"@type\":\"WebSite\",\"@id\":\"https:\\\/\\\/www.burave.cl\\\/web\\\/#website\",\"url\":\"https:\\\/\\\/www.burave.cl\\\/web\\\/\",\"name\":\"Burave Dise\u00f1o de P\u00e1ginas Web - Servicios de Hosting\",\"description\":\"Dise\u00f1o de P\u00e1ginas Web - Servicios de Hosting\",\"potentialAction\":[{\"@type\":\"SearchAction\",\"target\":{\"@type\":\"EntryPoint\",\"urlTemplate\":\"https:\\\/\\\/www.burave.cl\\\/web\\\/?s={search_term_string}\"},\"query-input\":{\"@type\":\"PropertyValueSpecification\",\"valueRequired\":true,\"valueName\":\"search_term_string\"}}],\"inLanguage\":\"es\"}]}<\/script>\n<!-- \/ Yoast SEO Premium plugin. -->","yoast_head_json":{"title":"Hosting - Burave Dise\u00f1o de P\u00e1ginas Web - Servicios de Hosting","robots":{"index":"index","follow":"follow","max-snippet":"max-snippet:-1","max-image-preview":"max-image-preview:large","max-video-preview":"max-video-preview:-1"},"canonical":"https:\/\/www.burave.cl\/web\/hosting\/","og_locale":"es_ES","og_type":"article","og_title":"Hosting","og_description":"[vc_row][vc_column width=\u00bb1\/1&#8243;][vc_column_text]Nuestra oferta de web hosting est\u00e1 dise\u00f1ada para satisfacer las necesidades de cualquier tipo de proyectos, como p\u00e1ginas personales, corporativas, blogs, tiendas virtuales, formularios de pagos, entre otros.[\/vc_column_text][\/vc_column][\/vc_row][vc_row][vc_column width=\u00bb1\/4&#8243;][\/vc_column][vc_column width=\u00bb1\/4&#8243;][\/vc_column][vc_column width=\u00bb1\/4&#8243;][\/vc_column][vc_column width=\u00bb1\/4&#8243;][\/vc_column][\/vc_row][vc_row][vc_column width=\u00bb1\/1&#8243;][\/vc_column][\/vc_row][vc_row][vc_column width=\u00bb1\/2&#8243;][\/vc_column][vc_column width=\u00bb1\/2&#8243;][\/vc_column][\/vc_row][vc_row][vc_column width=\u00bb1\/1&#8243;][\/vc_column][\/vc_row][vc_row][vc_column width=\u00bb1\/2&#8243;][\/vc_column][vc_column width=\u00bb1\/2&#8243;][\/vc_column][\/vc_row][vc_row][vc_column width=\u00bb1\/1&#8243;][\/vc_column][\/vc_row][vc_row][vc_column width=\u00bb1\/1&#8243;][\/vc_column][\/vc_row]","og_url":"https:\/\/www.burave.cl\/web\/hosting\/","og_site_name":"Burave Dise\u00f1o de P\u00e1ginas Web - Servicios de Hosting","article_modified_time":"2023-03-14T19:47:31+00:00","twitter_card":"summary_large_image","schema":{"@context":"https:\/\/schema.org","@graph":[{"@type":"WebPage","@id":"https:\/\/www.burave.cl\/web\/hosting\/","url":"https:\/\/www.burave.cl\/web\/hosting\/","name":"Hosting - Burave Dise\u00f1o de P\u00e1ginas Web - Servicios de Hosting","isPartOf":{"@id":"https:\/\/www.burave.cl\/web\/#website"},"datePublished":"2022-05-03T08:01:27+00:00","dateModified":"2023-03-14T19:47:31+00:00","breadcrumb":{"@id":"https:\/\/www.burave.cl\/web\/hosting\/#breadcrumb"},"inLanguage":"es","potentialAction":[{"@type":"ReadAction","target":["https:\/\/www.burave.cl\/web\/hosting\/"]}]},{"@type":"BreadcrumbList","@id":"https:\/\/www.burave.cl\/web\/hosting\/#breadcrumb","itemListElement":[{"@type":"ListItem","position":1,"name":"Portada","item":"https:\/\/www.burave.cl\/web\/"},{"@type":"ListItem","position":2,"name":"Hosting"}]},{"@type":"WebSite","@id":"https:\/\/www.burave.cl\/web\/#website","url":"https:\/\/www.burave.cl\/web\/","name":"Burave Dise\u00f1o de P\u00e1ginas Web - Servicios de Hosting","description":"Dise\u00f1o de P\u00e1ginas Web - Servicios de Hosting","potentialAction":[{"@type":"SearchAction","target":{"@type":"EntryPoint","urlTemplate":"https:\/\/www.burave.cl\/web\/?s={search_term_string}"},"query-input":{"@type":"PropertyValueSpecification","valueRequired":true,"valueName":"search_term_string"}}],"inLanguage":"es"}]}},"_links":{"self":[{"href":"https:\/\/www.burave.cl\/web\/wp-json\/wp\/v2\/pages\/18","targetHints":{"allow":["GET"]}}],"collection":[{"href":"https:\/\/www.burave.cl\/web\/wp-json\/wp\/v2\/pages"}],"about":[{"href":"https:\/\/www.burave.cl\/web\/wp-json\/wp\/v2\/types\/page"}],"author":[{"embeddable":true,"href":"https:\/\/www.burave.cl\/web\/wp-json\/wp\/v2\/users\/1"}],"replies":[{"embeddable":true,"href":"https:\/\/www.burave.cl\/web\/wp-json\/wp\/v2\/comments?post=18"}],"version-history":[{"count":1,"href":"https:\/\/www.burave.cl\/web\/wp-json\/wp\/v2\/pages\/18\/revisions"}],"predecessor-version":[{"id":796,"href":"https:\/\/www.burave.cl\/web\/wp-json\/wp\/v2\/pages\/18\/revisions\/796"}],"wp:attachment":[{"href":"https:\/\/www.burave.cl\/web\/wp-json\/wp\/v2\/media?parent=18"}],"curies":[{"name":"wp","href":"https:\/\/api.w.org\/{rel}","templated":true}]}}